{"id":5648,"date":"2024-10-24T13:53:57","date_gmt":"2024-10-24T11:53:57","guid":{"rendered":"https:\/\/inlingua.at\/?page_id=5648"},"modified":"2026-04-09T15:24:42","modified_gmt":"2026-04-09T13:24:42","slug":"oeif","status":"publish","type":"page","link":"https:\/\/inlingua.at\/en\/deutschlernen\/oeif\/","title":{"rendered":"Deutschkurse intensiv!"},"content":{"rendered":"<section class=\"l-section wpb_row height_medium\"><div class=\"l-section-h i-cf\"><div class=\"g-cols vc_row via_flex valign_middle type_default stacking_default\"><div class=\"vc_col-sm-6 wpb_column vc_column_container\"><div class=\"vc_column-inner us_custom_4af741be\"><div class=\"wpb_wrapper\"><div class=\"w-image align_none\"><div class=\"w-image-h\"><img decoding=\"async\" width=\"600\" height=\"630\" src=\"https:\/\/inlingua.at\/wp-content\/uploads\/E-Learning-1.jpg\" class=\"attachment-large size-large\" alt=\"\" loading=\"lazy\" srcset=\"https:\/\/inlingua.at\/wp-content\/uploads\/E-Learning-1.jpg 600w, https:\/\/inlingua.at\/wp-content\/uploads\/E-Learning-1-286x300.jpg 286w\" sizes=\"auto, (max-width: 600px) 100vw, 600px\" \/><\/div><\/div><\/div><\/div><\/div><div class=\"vc_col-sm-6 wpb_column vc_column_container has_bg_color\"><div class=\"vc_column-inner us_custom_9c6d9ab4\"><div class=\"wpb_wrapper\"><div class=\"wpb_text_column whiteFont\"><div class=\"wpb_wrapper\"><h4 style=\"text-align: center;\"><span style=\"color: #000000;\"><strong><span style=\"color: #ffffff;\">German courses<br \/>\n<\/span><\/strong><\/span><\/h4>\n<h4 style=\"text-align: center;\"><span style=\"color: #000000;\"><strong><span style=\"color: #ffffff;\">\u00d6IF individual support<\/span><br \/>\n<\/strong><\/span><\/h4>\n<\/div><\/div><\/div><\/div><\/div><\/div><\/div><\/section><section class=\"l-section wpb_row height_medium\"><div class=\"l-section-h i-cf\"><div class=\"g-cols vc_row via_flex valign_top type_default stacking_default\"><div class=\"vc_col-sm-12 wpb_column vc_column_container\"><div class=\"vc_column-inner\"><div class=\"wpb_wrapper\"><div class=\"wpb_text_column\"><div class=\"wpb_wrapper\"><h2>German for beginners and advanced learners &#8211; group courses *2026*<\/h2>\n<p>Learn German in a small group. Do you enjoy learning in a group? Then inlingua Vienna is the right place for you. Our German group course is ideal for anyone who wants to learn German. Together you will learn step by step how to express yourself confidently in German. Small role plays and lots of speaking exercises make learning easier. With the proven inlingua method, we will bring you a lot closer to your goal! Our bright and spacious rooms contribute to a special learning atmosphere.<\/p>\n<h3>German courses \u00d6IF individual support<\/h3>\n<p>In cooperation with the Austrian Integration Fund (\u00d6IF), the inlingua language school offers you free German courses for levels A1 to B2.<\/p>\n<p><strong><u>Our next intensive courses:<\/u><\/strong><\/p>\n<p><strong>German B1 &#8211; start 09.03.2026, Mo-Fr 09:30-11:45 <\/strong><\/p>\n<p><strong><u>Our next evening courses:<\/u><\/strong><\/p>\n<p><strong>German A1.1 \u2013 start 10.03<\/strong><strong>.2026, \u00a0Tuesday and Thursday 18.00 \u2013 20.15<br \/>\nGerman A1.2 \u2013 start 09.03.2026, Monday and Wednesday 18.00 \u2013 20.15<br \/>\nGerman A2.1 \u2013 start 05.05.2026, Tuesday and Thursday 18.00 \u2013 20.15<br \/>\nGerman A2.2 \u2013 start 27.04.2026, Monday and Wednesday 18.00 \u2013 20.15<br \/>\nGerman B1.1 \u2013 start 14.04.2026, Tuesday and Thursday 18.00 \u2013 20.15<br \/>\nGerman B1.2 \u2013 start 13.04.2026, Monday and Wednesday 18.00 \u2013 20.15<br \/>\nGerman B2.1 \u2013 start 14.04.2026, Tuesday and Thursday 18.00 \u2013 20.15<br \/>\nGerman B2.2 \u2013 start 06.05.2026, Wednesday and Thursday 18.00 \u2013 20.15<br \/>\nGerman C1.1 \u2013 start 10.02.2026, Tuesday and Thursday 18.00 \u2013 20.15<\/strong><\/p>\n<p>It is also possible to join ongoing courses by arrangement. In this case, billing will be on a pro rata basis.<\/p>\n<p><strong>2x per week 18.00 &#8211; 20.15 depending on level<\/strong><\/p>\n<h3>How to join?<\/h3>\n<p>Come to inlingua (9.30 &#8211; 17.00 MO &#8211; DO and 9.30 &#8211; 14.00 FR) and get a cost estimate for the \u00d6IF for your desired course. You can then take this to your \u00d6IF advisor at Landstra\u00dfe Hauptstra\u00dfe 26, 1030 Vienna.<\/p>\n<h3>Learn German at inlingua Vienna: professional, individual, up-to-date<\/h3>\n<ul>\n<li>Improve, refresh and expand your German language skills<\/li>\n<li>Active speaking and useful phrases for everyday life<\/li>\n<li>Systematic vocabulary building and language confidence<\/li>\n<li>Reading and understanding German texts<\/li>\n<li>Listening comprehension and writing skills<\/li>\n<li>Language levels: CEF A1, A2, B1, B2, C1, C2<\/li>\n<\/ul>\n<h3><strong>\u041a\u0443\u0440\u0441\u0438 \u043d\u0456\u043c\u0435\u0446\u044c\u043a\u043e\u0457 \u043c\u043e\u0432\u0438 \u0434\u043b\u044f \u0443\u043a\u0440\u0430\u0457\u043d\u0441\u044c\u043a\u0438\u0445 \u0431\u0456\u0436\u0435\u043d\u0446\u0456\u0432<\/strong><\/h3>\n<p>inlingua \u043f\u0440\u043e\u043f\u043e\u043d\u0443\u0454 \u043a\u0443\u0440\u0441\u0438 \u043d\u0456\u043c\u0435\u0446\u044c\u043a\u043e\u0457 \u043c\u043e\u0432\u0438 \u043d\u0430 \u0432\u0441\u0456\u0445 \u0440\u0456\u0432\u043d\u044f\u0445, \u0432\u0438\u0437\u043d\u0430\u043d\u0438\u0445 \u00d6IF \u2013 \u0410\u0432\u0441\u0442\u0440\u0456\u0439\u0441\u044c\u043a\u0438\u043c \u0456\u043d\u0442\u0435\u0433\u0440\u0430\u0446\u0456\u0439\u043d\u0438\u043c \u0444\u043e\u043d\u0434\u043e\u043c.<\/p>\n<p>\u0417\u0430\u043d\u044f\u0442\u0442\u044f \u0432 \u0433\u0440\u0443\u043f\u0430\u0445 \u0437\u0430\u0437\u0432\u0438\u0447\u0430\u0439 \u0432\u0456\u0434\u0431\u0443\u0432\u0430\u044e\u0442\u044c\u0441\u044f \u0437 9.30 \u0434\u043e 11.45 \u0437 \u043f\u043e\u043d\u0435\u0434\u0456\u043b\u043a\u0430 \u043f\u043e \u043f\u2019\u044f\u0442\u043d\u0438\u0446\u044e. \u041a\u0443\u0440\u0441\u0438 A1 \u0434\u043b\u044f \u043f\u043e\u0447\u0430\u0442\u043a\u0456\u0432\u0446\u0456\u0432 \u0442\u0440\u0438\u0432\u0430\u044e\u0442\u044c \u043c\u0456\u043d\u0456\u043c\u0443\u043c 8 \u0442\u0438\u0436\u043d\u0456\u0432.<\/p>\n<p>\u0421\u0442\u0443\u0434\u0435\u043d\u0442\u0438 \u0437 \u0432\u0438\u0449\u0438\u043c \u0440\u0456\u0432\u043d\u0435\u043c \u043d\u0456\u043c\u0435\u0446\u044c\u043a\u043e\u0457 \u043c\u043e\u0432\u0438 \u043c\u043e\u0436\u0443\u0442\u044c \u043f\u0440\u0438\u0454\u0434\u043d\u0430\u0442\u0438\u0441\u044f \u0434\u043e \u043e\u0434\u043d\u0456\u0454\u0457 \u0437 \u043f\u043e\u0442\u043e\u0447\u043d\u0438\u0445 \u043d\u0456\u043c\u0435\u0446\u044c\u043a\u0438\u0445 \u0433\u0440\u0443\u043f, \u0437\u0430\u043d\u044f\u0442\u0442\u044f \u044f\u043a\u0438\u0445 \u043f\u0440\u043e\u0432\u043e\u0434\u044f\u0442\u044c\u0441\u044f \u043f\u0440\u043e\u0442\u044f\u0433\u043e\u043c \u0440\u043e\u043a\u0443.<\/p>\n<p>\u0412\u0438 \u043c\u043e\u0436\u0435\u0442\u0435 \u043e\u0442\u0440\u0438\u043c\u0430\u0442\u0438 \u0441\u0432\u043e\u044e \u043f\u0440\u043e\u043f\u043e\u0437\u0438\u0446\u0456\u044e \u0449\u043e\u0434\u043e \u043a\u0443\u0440\u0441\u0443 \u0434\u043b\u044f \u00d6IF \u0437 \u043d\u0430\u0448\u043e\u0433\u043e \u043e\u0444\u0456\u0441\u0443 \u0432 \u0431\u0443\u0434\u044c-\u044f\u043a\u0438\u0439 \u0447\u0430\u0441 \u0437 \u043f\u043e\u043d\u0435\u0434\u0456\u043b\u043a\u0430 \u043f\u043e \u043f\u2019\u044f\u0442\u043d\u0438\u0446\u044e \u0437 9.30 \u0434\u043e 17.00.<\/p>\n<\/div><\/div><\/div><\/div><\/div><\/div><\/div><\/section>\n","protected":false},"excerpt":{"rendered":"German courses \u00d6IF individual support German for beginners and advanced learners &#8211; group courses *2026* Learn German in a small group. Do you enjoy learning in a group? Then inlingua Vienna is the right place for you. Our German group course is ideal for anyone who wants to learn German. Together you will learn step...","protected":false},"author":6,"featured_media":0,"parent":1507,"menu_order":0,"comment_status":"closed","ping_status":"closed","template":"","meta":{"inline_featured_image":false,"footnotes":""},"class_list":["post-5648","page","type-page","status-publish","hentry"],"yoast_head":"<!-- This site is optimized with the Yoast SEO plugin v26.0 - https:\/\/yoast.com\/wordpress\/plugins\/seo\/ -->\n<title>Deutschkurse intensiv! - inlingua Vienna<\/title>\n<meta name=\"robots\" content=\"index, follow, max-snippet:-1, max-image-preview:large, max-video-preview:-1\" \/>\n<link rel=\"canonical\" href=\"https:\/\/inlingua.at\/en\/deutschlernen\/oeif\/\" \/>\n<meta property=\"og:locale\" content=\"en_US\" \/>\n<meta property=\"og:type\" content=\"article\" \/>\n<meta property=\"og:title\" content=\"Deutschkurse intensiv! - inlingua Vienna\" \/>\n<meta property=\"og:url\" content=\"https:\/\/inlingua.at\/en\/deutschlernen\/oeif\/\" \/>\n<meta property=\"og:site_name\" content=\"inlingua Vienna\" \/>\n<meta property=\"article:modified_time\" content=\"2026-04-09T13:24:42+00:00\" \/>\n<meta name=\"twitter:card\" content=\"summary_large_image\" \/>\n<meta name=\"twitter:label1\" content=\"Est. reading time\" \/>\n\t<meta name=\"twitter:data1\" content=\"3 minutes\" \/>\n<script type=\"application\/ld+json\" class=\"yoast-schema-graph\">{\"@context\":\"https:\/\/schema.org\",\"@graph\":[{\"@type\":\"WebPage\",\"@id\":\"https:\/\/inlingua.at\/en\/deutschlernen\/oeif\/\",\"url\":\"https:\/\/inlingua.at\/en\/deutschlernen\/oeif\/\",\"name\":\"Deutschkurse intensiv! - inlingua Vienna\",\"isPartOf\":{\"@id\":\"https:\/\/inlingua.at\/#website\"},\"datePublished\":\"2024-10-24T11:53:57+00:00\",\"dateModified\":\"2026-04-09T13:24:42+00:00\",\"breadcrumb\":{\"@id\":\"https:\/\/inlingua.at\/en\/deutschlernen\/oeif\/#breadcrumb\"},\"inLanguage\":\"en-US\",\"potentialAction\":[{\"@type\":\"ReadAction\",\"target\":[\"https:\/\/inlingua.at\/en\/deutschlernen\/oeif\/\"]}]},{\"@type\":\"BreadcrumbList\",\"@id\":\"https:\/\/inlingua.at\/en\/deutschlernen\/oeif\/#breadcrumb\",\"itemListElement\":[{\"@type\":\"ListItem\",\"position\":1,\"name\":\"Startseite\",\"item\":\"https:\/\/inlingua.at\/en\/\"},{\"@type\":\"ListItem\",\"position\":2,\"name\":\"Learn German\",\"item\":\"https:\/\/inlingua.at\/en\/deutschlernen\/\"},{\"@type\":\"ListItem\",\"position\":3,\"name\":\"Deutschkurse intensiv!\"}]},{\"@type\":\"WebSite\",\"@id\":\"https:\/\/inlingua.at\/#website\",\"url\":\"https:\/\/inlingua.at\/\",\"name\":\"inlingua Vienna\",\"description\":\"crossing language barriers\",\"potentialAction\":[{\"@type\":\"SearchAction\",\"target\":{\"@type\":\"EntryPoint\",\"urlTemplate\":\"https:\/\/inlingua.at\/?s={search_term_string}\"},\"query-input\":{\"@type\":\"PropertyValueSpecification\",\"valueRequired\":true,\"valueName\":\"search_term_string\"}}],\"inLanguage\":\"en-US\"}]}<\/script>\n<!-- \/ Yoast SEO plugin. -->","yoast_head_json":{"title":"Deutschkurse intensiv! - inlingua Vienna","robots":{"index":"index","follow":"follow","max-snippet":"max-snippet:-1","max-image-preview":"max-image-preview:large","max-video-preview":"max-video-preview:-1"},"canonical":"https:\/\/inlingua.at\/en\/deutschlernen\/oeif\/","og_locale":"en_US","og_type":"article","og_title":"Deutschkurse intensiv! - inlingua Vienna","og_url":"https:\/\/inlingua.at\/en\/deutschlernen\/oeif\/","og_site_name":"inlingua Vienna","article_modified_time":"2026-04-09T13:24:42+00:00","twitter_card":"summary_large_image","twitter_misc":{"Est. reading time":"3 minutes"},"schema":{"@context":"https:\/\/schema.org","@graph":[{"@type":"WebPage","@id":"https:\/\/inlingua.at\/en\/deutschlernen\/oeif\/","url":"https:\/\/inlingua.at\/en\/deutschlernen\/oeif\/","name":"Deutschkurse intensiv! - inlingua Vienna","isPartOf":{"@id":"https:\/\/inlingua.at\/#website"},"datePublished":"2024-10-24T11:53:57+00:00","dateModified":"2026-04-09T13:24:42+00:00","breadcrumb":{"@id":"https:\/\/inlingua.at\/en\/deutschlernen\/oeif\/#breadcrumb"},"inLanguage":"en-US","potentialAction":[{"@type":"ReadAction","target":["https:\/\/inlingua.at\/en\/deutschlernen\/oeif\/"]}]},{"@type":"BreadcrumbList","@id":"https:\/\/inlingua.at\/en\/deutschlernen\/oeif\/#breadcrumb","itemListElement":[{"@type":"ListItem","position":1,"name":"Startseite","item":"https:\/\/inlingua.at\/en\/"},{"@type":"ListItem","position":2,"name":"Learn German","item":"https:\/\/inlingua.at\/en\/deutschlernen\/"},{"@type":"ListItem","position":3,"name":"Deutschkurse intensiv!"}]},{"@type":"WebSite","@id":"https:\/\/inlingua.at\/#website","url":"https:\/\/inlingua.at\/","name":"inlingua Vienna","description":"crossing language barriers","potentialAction":[{"@type":"SearchAction","target":{"@type":"EntryPoint","urlTemplate":"https:\/\/inlingua.at\/?s={search_term_string}"},"query-input":{"@type":"PropertyValueSpecification","valueRequired":true,"valueName":"search_term_string"}}],"inLanguage":"en-US"}]}},"_links":{"self":[{"href":"https:\/\/inlingua.at\/en\/wp-json\/wp\/v2\/pages\/5648","targetHints":{"allow":["GET"]}}],"collection":[{"href":"https:\/\/inlingua.at\/en\/wp-json\/wp\/v2\/pages"}],"about":[{"href":"https:\/\/inlingua.at\/en\/wp-json\/wp\/v2\/types\/page"}],"author":[{"embeddable":true,"href":"https:\/\/inlingua.at\/en\/wp-json\/wp\/v2\/users\/6"}],"replies":[{"embeddable":true,"href":"https:\/\/inlingua.at\/en\/wp-json\/wp\/v2\/comments?post=5648"}],"version-history":[{"count":28,"href":"https:\/\/inlingua.at\/en\/wp-json\/wp\/v2\/pages\/5648\/revisions"}],"predecessor-version":[{"id":6391,"href":"https:\/\/inlingua.at\/en\/wp-json\/wp\/v2\/pages\/5648\/revisions\/6391"}],"up":[{"embeddable":true,"href":"https:\/\/inlingua.at\/en\/wp-json\/wp\/v2\/pages\/1507"}],"wp:attachment":[{"href":"https:\/\/inlingua.at\/en\/wp-json\/wp\/v2\/media?parent=5648"}],"curies":[{"name":"wp","href":"https:\/\/api.w.org\/{rel}","templated":true}]}}