{"id":1536,"date":"2014-05-21T13:08:27","date_gmt":"2014-05-21T11:08:27","guid":{"rendered":"http:\/\/www.inlingua.at\/?page_id=1536"},"modified":"2024-11-28T11:27:55","modified_gmt":"2024-11-28T10:27:55","slug":"trainer-3","status":"publish","type":"page","link":"https:\/\/inlingua.at\/en\/methode\/trainer-3\/","title":{"rendered":"Trainer*innen"},"content":{"rendered":"<section class=\"l-section wpb_row height_auto\"><div class=\"l-section-h i-cf\"><div class=\"g-cols vc_row via_flex valign_middle type_default stacking_default\"><div class=\"vc_col-sm-6 wpb_column vc_column_container\"><div class=\"vc_column-inner us_custom_36724591\"><div class=\"wpb_wrapper\"><div class=\"w-image align_none\"><div class=\"w-image-h\"><img decoding=\"async\" width=\"720\" height=\"720\" src=\"https:\/\/inlingua.at\/wp-content\/uploads\/inlingua-wien-11.jpg\" class=\"attachment-large size-large\" alt=\"\" loading=\"lazy\" srcset=\"https:\/\/inlingua.at\/wp-content\/uploads\/inlingua-wien-11.jpg 720w, https:\/\/inlingua.at\/wp-content\/uploads\/inlingua-wien-11-150x150.jpg 150w, https:\/\/inlingua.at\/wp-content\/uploads\/inlingua-wien-11-300x300.jpg 300w, https:\/\/inlingua.at\/wp-content\/uploads\/inlingua-wien-11-350x350.jpg 350w, https:\/\/inlingua.at\/wp-content\/uploads\/inlingua-wien-11-600x600.jpg 600w\" sizes=\"auto, (max-width: 720px) 100vw, 720px\" \/><\/div><\/div><\/div><\/div><\/div><div class=\"vc_col-sm-6 wpb_column vc_column_container whiteFont has_bg_color\"><div class=\"vc_column-inner us_custom_0713c614\"><div class=\"wpb_wrapper\"><div class=\"wpb_text_column\"><div class=\"wpb_wrapper\"><h4 style=\"text-align: center;\"><strong>Language Courses<br \/>\n<\/strong><\/h4>\n<h4 style=\"text-align: center;\"><strong>Our teaching gets you talking.<\/strong><\/h4>\n<\/div><\/div><\/div><\/div><\/div><\/div><\/div><\/section><section class=\"l-section wpb_row us_custom_36724591 height_medium\"><div class=\"l-section-h i-cf\"><div class=\"g-cols vc_row via_flex valign_middle type_default stacking_default\"><div class=\"vc_col-sm-12 wpb_column vc_column_container\"><div class=\"vc_column-inner us_custom_36724591\"><div class=\"wpb_wrapper\"><div class=\"w-video align_none ratio_16x9 has_iframe\"><div class=\"w-video-h\"><iframe title=\"Vimeo video player\" src=\"https:\/\/player.vimeo.com\/video\/84838731?autoplay=0&loop=0&autopause=0&color=00adef&portrait=0&byline=1&title=1&controls=1&muted=0\" frameborder=\"0\" allow=\"autoplay; fullscreen\" allowfullscreen loading=\"lazy\"><\/iframe><\/div><\/div><\/div><\/div><\/div><\/div><\/div><\/section><section class=\"l-section wpb_row height_medium\"><div class=\"l-section-h i-cf\"><div class=\"g-cols vc_row via_flex valign_top type_default stacking_default\"><div class=\"vc_col-sm-12 wpb_column vc_column_container\"><div class=\"vc_column-inner\"><div class=\"wpb_wrapper\"><div class=\"wpb_text_column\"><div class=\"wpb_wrapper\"><div class=\"l-canvas type_wide\">\n<p>&nbsp;<\/p>\n<section class=\"l-section wpb_row height_medium\">\n<div class=\"l-section-h i-cf\">\n<div class=\"g-cols vc_row via_flex valign_top type_default stacking_default\">\n<div class=\"vc_col-sm-12 wpb_column vc_column_container\">\n<div class=\"vc_column-inner\">\n<div class=\"wpb_wrapper\">\n<div class=\"wpb_text_column\">\n<div class=\"wpb_wrapper\">\n<h2>The trainers: distinguished \u2013 qualified \u2013 motivating<\/h2>\n<p>Language is not a series of words, but an interplay of different elements with which we communicate in a targeted manner. So that you can use these elements appropriately, you need trainers who can present and clarify this interplay.<\/p>\n<p><strong>inlingua trainers are qualified<\/strong><br \/>\ninlingua only employs native speaker professionals with academic training and excellent teaching skills.<\/p>\n<p><strong>inlingua trainers provide security<\/strong><br \/>\nThey have empathy and exude a sociability that encourages you to speak.<\/p>\n<p><strong>inlingua trainers motivate<\/strong><br \/>\nThey help you overcome barriers and create a relaxed atmosphere of trust.<\/p>\n<p><strong>inlingua trainers work in a network<\/strong><br \/>\nBefore each training course, the trainer receives a briefing on the specific needs of the group from their Director of Studies, who supervises the training.<\/p>\n<p><strong>inlingua trainers receive further training<\/strong><br \/>\ninlingua trainers regularly take part in internal qualification seminars.<\/p>\n<\/div>\n<\/div>\n<\/div>\n<\/div>\n<\/div>\n<\/div>\n<\/div>\n<\/section>\n<p>&nbsp;<\/p>\n<\/div>\n<p>Get to know some of our trainers here:<\/p>\n<\/div><\/div><\/div><\/div><\/div><\/div><\/div><\/section><section class=\"l-section wpb_row height_medium\"><div class=\"l-section-h i-cf\"><div class=\"g-cols vc_row via_flex valign_top type_default stacking_default\"><div class=\"vc_col-sm-4 wpb_column vc_column_container\"><div class=\"vc_column-inner\"><div class=\"wpb_wrapper\"><div class=\"wpb_text_column\"><div class=\"wpb_wrapper\"><p style=\"padding-left: 40px;\"><span style=\"color: #1b98e0;\"><strong>Robert D.E. S.<br \/>\n<\/strong>Sheffield, GB<strong><br \/>\n<\/strong><span style=\"color: #003366;\">with<\/span><\/span><span style=\"color: #1b98e0;\"><span style=\"color: #003366;\"> inlingua since 2013<br \/>\n<\/span><\/span><span style=\"color: #003366;\">teaches General und Business English<br \/>\n<\/span>BA in Modern Languages and Linguistics,<br \/>\nLuton University (now University of Bedfordshire)<br \/>\nTEFL\/Tesol Certificate<\/p>\n<p style=\"padding-left: 40px;\"><span style=\"color: #1b98e0;\">&#8211; I love my job because it never gets boring. I can let my skills <\/span><span style=\"color: #1b98e0;\">and abilities shine through and I can enjoy the feeling of pride<br \/>\nwhen my participants improve.<\/span><\/p>\n<\/div><\/div><\/div><\/div><\/div><div class=\"vc_col-sm-4 wpb_column vc_column_container\"><div class=\"vc_column-inner\"><div class=\"wpb_wrapper\"><div class=\"wpb_text_column us_custom_713cb4f3\"><div class=\"wpb_wrapper\"><p style=\"padding-left: 40px;\"><span style=\"color: #1b98e0;\"><strong>Robert T.<\/strong><br \/>\nLancaster, GB<strong><br \/>\n<\/strong><\/span><span style=\"color: #1b98e0;\"><span style=\"color: #003366;\">with inlingua since 2020<\/span><\/span><span style=\"color: #1b98e0;\"><span style=\"color: #003366;\"><br \/>\n<\/span><\/span><span style=\"color: #003366;\">teaches General und Business English<br \/>\n<\/span>English Literature,<br \/>\nUniversity of York<br \/>\nTEFL Certificate<\/p>\n<p style=\"padding-left: 40px;\"><span style=\"color: #1b98e0;\">&#8211; Conversation about the weather is the last refuge of the unimaginative. (Oscar Wilde)<\/span><span style=\"color: #1b98e0;\"><br \/>\n<\/span><\/p>\n<\/div><\/div><\/div><\/div><\/div><div class=\"vc_col-sm-4 wpb_column vc_column_container\"><div class=\"vc_column-inner\"><div class=\"wpb_wrapper\"><div class=\"wpb_text_column us_custom_713cb4f3\"><div class=\"wpb_wrapper\"><p style=\"padding-left: 40px;\"><span style=\"color: #1b98e0;\"><strong>Trevor S.<br \/>\n<\/strong>Florida, USA<strong><br \/>\n<\/strong><span style=\"color: #003366;\">with inlingua since 2001<\/span><\/span><span style=\"color: #1b98e0;\"><span style=\"color: #003366;\"><br \/>\n<\/span><\/span><span style=\"color: #003366;\">teaches German, General and Business English<br \/>\n<\/span>International Business Administration<br \/>\nFilm Studies<\/p>\n<p style=\"padding-left: 40px;\"><span style=\"color: #1b98e0;\">&#8211; Learning another language is not only learning different words for the same things, but learning another way to think about things. \/ Erlernt man eine neue Sprache, ist man nicht nur in der Lage, bereits bekannte Sachen anders zu nennen, sondern auch anders \u00fcber diese Sachen zu denken. (Flora Lewis)<\/span><\/p>\n<\/div><\/div><\/div><\/div><\/div><div class=\"vc_col-sm-12 wpb_column vc_column_container\"><div class=\"vc_column-inner\"><div class=\"wpb_wrapper\"><\/div><\/div><\/div><\/div><\/div><\/section><section class=\"l-section wpb_row height_medium\"><div class=\"l-section-h i-cf\"><div class=\"g-cols vc_row via_flex valign_top type_default stacking_default\"><div class=\"vc_col-sm-4 wpb_column vc_column_container\"><div class=\"vc_column-inner\"><div class=\"wpb_wrapper\"><div class=\"wpb_text_column\"><div class=\"wpb_wrapper\"><p style=\"padding-left: 40px;\"><span style=\"color: #1b98e0;\"><strong>Olivier G.<br \/>\n<\/strong><\/span><span style=\"color: #1b98e0;\"><span style=\"color: #003366;\"><span style=\"color: #1b98e0;\">Clermont-Ferrand, F<\/span><br \/>\nwith inlingua since 2019<br \/>\nteaches French<\/span><\/span><span style=\"color: #003366;\"><br \/>\n<\/span>BA in Cinema and Theatre<br \/>\nMaster in French as a foreign language<\/p>\n<p style=\"padding-left: 40px;\"><span style=\"color: #1b98e0;\">&#8211; For me, teaching means mixing linguistics and good humor.<\/span><\/p>\n<\/div><\/div><\/div><\/div><\/div><div class=\"vc_col-sm-4 wpb_column vc_column_container\"><div class=\"vc_column-inner\"><div class=\"wpb_wrapper\"><div class=\"wpb_text_column\"><div class=\"wpb_wrapper\"><p style=\"padding-left: 40px;\"><span style=\"color: #1b98e0;\"><strong>Romi H.<br \/>\n<\/strong>Wien, \u00d6<strong><br \/>\n<\/strong><\/span><span style=\"color: #1b98e0;\"><span style=\"color: #003366;\">with inlingua since 2018<\/span><\/span><span style=\"color: #1b98e0;\"><span style=\"color: #003366;\"><br \/>\n<\/span><\/span><span style=\"color: #003366;\">teaches German<br \/>\n<\/span>German studies<br \/>\nTheater, film and media studies<br \/>\nPhilosophy<\/p>\n<p style=\"padding-left: 40px;\"><span style=\"color: #1b98e0;\">&#8211; I really like teaching because I can always learn a lot from my students<\/span><\/p>\n<\/div><\/div><\/div><\/div><\/div><div class=\"vc_col-sm-4 wpb_column vc_column_container\"><div class=\"vc_column-inner\"><div class=\"wpb_wrapper\"><div class=\"wpb_text_column\"><div class=\"wpb_wrapper\"><p style=\"padding-left: 40px;\"><span style=\"color: #1b98e0;\"><strong>Madlen W.<br \/>\n<\/strong>Th\u00fcringen, D<br \/>\n<span style=\"color: #003366;\">with inlingua since 2020<\/span><\/span><span style=\"color: #1b98e0;\"><span style=\"color: #003366;\"><br \/>\n<\/span><\/span><span style=\"color: #003366;\">teaches German<br \/>\n<\/span>Mag. German as a foreign and second language<br \/>\nGerman Literature and Sociology<br \/>\nM.A. Educational Management<\/p>\n<p style=\"padding-left: 40px;\"><span style=\"color: #1b98e0;\">&#8211; Wer fremde Sprachen nicht kennt, wei\u00df nichts von seiner eigenen.\/Those who do not know foreign languages know nothing of their own (Johann Wolfgang von Goethe)<br \/>\n<\/span><\/p>\n<\/div><\/div><\/div><\/div><\/div><\/div><\/div><\/section><section class=\"l-section wpb_row height_medium\"><div class=\"l-section-h i-cf\"><div class=\"g-cols vc_row via_flex valign_top type_default stacking_default\"><div class=\"vc_col-sm-4 wpb_column vc_column_container\"><div class=\"vc_column-inner\"><div class=\"wpb_wrapper\"><div class=\"wpb_text_column\"><div class=\"wpb_wrapper\"><p style=\"padding-left: 40px;\"><span style=\"color: #1b98e0;\"><strong>Barbara R.<br \/>\n<\/strong><\/span><span style=\"color: #1b98e0;\"><span style=\"color: #003366;\"><span style=\"color: #1b98e0;\">Tirol, \u00d6<\/span><br \/>\nwith inlingua since 2015<\/span><\/span><span style=\"color: #1b98e0;\"><span style=\"color: #003366;\"><br \/>\n<\/span><\/span><span style=\"color: #003366;\">teaches German<br \/>\n<\/span>Architecture<br \/>\nEducation\/German as a foreign language<\/p>\n<p style=\"padding-left: 40px;\"><span style=\"color: #1b98e0;\">&#8211; I like teaching because I enjoy working in an international environment, it&#8217;s a creative job and because every day is different. <\/span><\/p>\n<p style=\"padding-left: 40px;\"><span style=\"color: #1b98e0;\">\u00a0<\/span><\/p>\n<\/div><\/div><\/div><\/div><\/div><div class=\"vc_col-sm-4 wpb_column vc_column_container\"><div class=\"vc_column-inner\"><div class=\"wpb_wrapper\"><div class=\"wpb_text_column\"><div class=\"wpb_wrapper\"><p style=\"padding-left: 40px;\"><span style=\"color: #1b98e0;\"><strong>Lucia S.M.<\/strong><\/span><span style=\"color: #1b98e0;\"><strong><br \/>\n<\/strong><\/span><span style=\"color: #1b98e0;\"><span style=\"color: #003366;\"><span style=\"color: #1b98e0;\">Santander, ESP<\/span><br \/>\nwith inlingua since 2021<\/span><\/span><span style=\"color: #1b98e0;\"><span style=\"color: #003366;\"><br \/>\n<\/span><\/span><span style=\"color: #003366;\">teaches Spanish<br \/>\n<\/span>Fine Arts in Cuenca<br \/>\nInterdisciplinary Art, Braunschweig University of Fine Arts<br \/>\nTraining in Spanish as a foreign language<\/p>\n<p style=\"padding-left: 40px;\"><span style=\"color: #1b98e0;\">&#8211; Create a positive environment in which there is no lack of humor and group cohesion when learning Spanish.<br \/>\n<\/span><\/p>\n<p style=\"padding-left: 40px;\"><span style=\"color: #1b98e0;\">\u00a0<\/span><\/p>\n<\/div><\/div><\/div><\/div><\/div><div class=\"vc_col-sm-4 wpb_column vc_column_container\"><div class=\"vc_column-inner\"><div class=\"wpb_wrapper\"><div class=\"wpb_text_column\"><div class=\"wpb_wrapper\"><p style=\"padding-left: 40px;\"><span style=\"color: #1b98e0;\"><strong>Kateryna V.<br \/>\n<\/strong><\/span><span style=\"color: #1b98e0;\"><span style=\"color: #003366;\"><span style=\"color: #1b98e0;\">Kiew, Ukraine<br \/>\n<\/span><\/span><\/span><span style=\"color: #1b98e0;\"><span style=\"color: #003366;\">with inlingua since 2017<\/span><\/span><span style=\"color: #1b98e0;\"><span style=\"color: #003366;\"><br \/>\n<\/span><\/span><span style=\"color: #003366;\">teaches Russian and Ukrainian<br \/>\n<\/span>MA Spanish Language &amp; Literature, Kiev<br \/>\nMA Peace Studies and Conflict Resolution, Magdeburg<br \/>\nTeaching English and Russian, University of Vienna<\/p>\n<\/div><\/div><\/div><\/div><\/div><\/div><\/div><\/section><section class=\"l-section wpb_row height_medium\"><div class=\"l-section-h i-cf\"><div class=\"g-cols vc_row via_flex valign_top type_default stacking_default\"><div class=\"vc_col-sm-4 wpb_column vc_column_container\"><div class=\"vc_column-inner\"><div class=\"wpb_wrapper\"><div class=\"wpb_text_column\"><div class=\"wpb_wrapper\"><p style=\"padding-left: 40px;\"><span style=\"color: #1b98e0;\"><strong>Lorenzo T.<br \/>\n<\/strong><\/span><span style=\"color: #1b98e0;\"><span style=\"color: #003366;\"><span style=\"color: #1b98e0;\">Padua, I<\/span><br \/>\nwith inlingua since 1988<br \/>\n<\/span><\/span><span style=\"color: #1b98e0;\"><span style=\"color: #003366;\"><\/span><\/span><span style=\"color: #003366;\">teaches Italian<br \/>\n<\/span>History<\/p>\n<p style=\"padding-left: 40px;\"><span style=\"color: #1b98e0;\">&#8211; Perch\u00e9 \u00e8 importante imparare una lingua straniera? Perch\u00e9 l&#8217;incontro con lingue e culture diverse amplia i nostri orizzonti e ci rende delle persone migliori.<br \/>\n<\/span><\/p>\n<p style=\"padding-left: 40px;\"><span style=\"color: #1b98e0;\">\u00a0<\/span><\/p>\n<\/div><\/div><\/div><\/div><\/div><div class=\"vc_col-sm-4 wpb_column vc_column_container\"><div class=\"vc_column-inner\"><div class=\"wpb_wrapper\"><div class=\"wpb_text_column\"><div class=\"wpb_wrapper\"><p style=\"padding-left: 40px;\"><span style=\"color: #1b98e0;\"><strong>Lorenz M.<\/strong><\/span><span style=\"color: #1b98e0;\"><\/span><span style=\"color: #1b98e0;\"><span style=\"color: #003366;\"><br \/>\nwith inlingua since 2021<\/span><\/span><span style=\"color: #1b98e0;\"><span style=\"color: #003366;\"><br \/>\n<\/span><\/span><span style=\"color: #003366;\">teaches German<br \/>\n<\/span>Master German Philology University of Vienna<br \/>\nMaster German as a Foreign and Second Language University of Vienna<\/p>\n<p style=\"padding-left: 40px;\"><span style=\"color: #1b98e0;\">&#8211; Teaching is my passion because I enjoy meeting international people. I want to help you get along in daily life and succeed in exams.<br \/>\n<\/span><\/p>\n<p style=\"padding-left: 40px;\"><span style=\"color: #1b98e0;\">\u00a0<\/span><\/p>\n<\/div><\/div><\/div><\/div><\/div><\/div><\/div><\/section><section class=\"l-section wpb_row height_medium\"><div class=\"l-section-h i-cf\"><div class=\"g-cols vc_row via_flex valign_top type_default stacking_default\"><div class=\"vc_col-sm-12 wpb_column vc_column_container\"><div class=\"vc_column-inner\"><div class=\"wpb_wrapper\"><div class=\"wpb_text_column\"><div class=\"wpb_wrapper\"><p>We will be happy to send you more names, trainer profiles and references on request.<\/p>\n<\/div><\/div><\/div><\/div><\/div><\/div><\/div><\/section>\n","protected":false},"excerpt":{"rendered":"Language Courses Our teaching gets you talking. &nbsp; The trainers: distinguished \u2013 qualified \u2013 motivating Language is not a series of words, but an interplay of different elements with which we communicate in a targeted manner. So that you can use these elements appropriately, you need trainers who can present and clarify this interplay. inlingua...","protected":false},"author":6,"featured_media":0,"parent":1534,"menu_order":2,"comment_status":"closed","ping_status":"closed","template":"","meta":{"inline_featured_image":false,"footnotes":""},"class_list":["post-1536","page","type-page","status-publish","hentry"],"yoast_head":"<!-- This site is optimized with the Yoast SEO plugin v26.0 - https:\/\/yoast.com\/wordpress\/plugins\/seo\/ -->\n<title>Trainer*innen - inlingua Vienna<\/title>\n<meta name=\"description\" content=\"inlingua TrainerInnen sind qualifiziert, professionell und motiviert. inlingua TrainerInnen nehmen regalm\u00e4\u00dfig an internen Qualifizierungs-Seminaren teil.\" \/>\n<meta name=\"robots\" content=\"index, follow, max-snippet:-1, max-image-preview:large, max-video-preview:-1\" \/>\n<link rel=\"canonical\" href=\"https:\/\/inlingua.at\/en\/methode\/trainer-3\/\" \/>\n<meta property=\"og:locale\" content=\"en_US\" \/>\n<meta property=\"og:type\" content=\"article\" \/>\n<meta property=\"og:title\" content=\"Trainer*innen - inlingua Vienna\" \/>\n<meta property=\"og:description\" content=\"inlingua TrainerInnen sind qualifiziert, professionell und motiviert. inlingua TrainerInnen nehmen regalm\u00e4\u00dfig an internen Qualifizierungs-Seminaren teil.\" \/>\n<meta property=\"og:url\" content=\"https:\/\/inlingua.at\/en\/methode\/trainer-3\/\" \/>\n<meta property=\"og:site_name\" content=\"inlingua Vienna\" \/>\n<meta property=\"article:modified_time\" content=\"2024-11-28T10:27:55+00:00\" \/>\n<meta name=\"twitter:card\" content=\"summary_large_image\" \/>\n<meta name=\"twitter:label1\" content=\"Est. reading time\" \/>\n\t<meta name=\"twitter:data1\" content=\"4 minutes\" \/>\n<script type=\"application\/ld+json\" class=\"yoast-schema-graph\">{\"@context\":\"https:\/\/schema.org\",\"@graph\":[{\"@type\":\"WebPage\",\"@id\":\"https:\/\/inlingua.at\/en\/methode\/trainer-3\/\",\"url\":\"https:\/\/inlingua.at\/en\/methode\/trainer-3\/\",\"name\":\"Trainer*innen - inlingua Vienna\",\"isPartOf\":{\"@id\":\"https:\/\/inlingua.at\/#website\"},\"datePublished\":\"2014-05-21T11:08:27+00:00\",\"dateModified\":\"2024-11-28T10:27:55+00:00\",\"description\":\"inlingua TrainerInnen sind qualifiziert, professionell und motiviert. inlingua TrainerInnen nehmen regalm\u00e4\u00dfig an internen Qualifizierungs-Seminaren teil.\",\"breadcrumb\":{\"@id\":\"https:\/\/inlingua.at\/en\/methode\/trainer-3\/#breadcrumb\"},\"inLanguage\":\"en-US\",\"potentialAction\":[{\"@type\":\"ReadAction\",\"target\":[\"https:\/\/inlingua.at\/en\/methode\/trainer-3\/\"]}]},{\"@type\":\"BreadcrumbList\",\"@id\":\"https:\/\/inlingua.at\/en\/methode\/trainer-3\/#breadcrumb\",\"itemListElement\":[{\"@type\":\"ListItem\",\"position\":1,\"name\":\"Startseite\",\"item\":\"https:\/\/inlingua.at\/en\/\"},{\"@type\":\"ListItem\",\"position\":2,\"name\":\"Methode\",\"item\":\"https:\/\/inlingua.at\/en\/methode\/\"},{\"@type\":\"ListItem\",\"position\":3,\"name\":\"Trainer*innen\"}]},{\"@type\":\"WebSite\",\"@id\":\"https:\/\/inlingua.at\/#website\",\"url\":\"https:\/\/inlingua.at\/\",\"name\":\"inlingua Vienna\",\"description\":\"crossing language barriers\",\"potentialAction\":[{\"@type\":\"SearchAction\",\"target\":{\"@type\":\"EntryPoint\",\"urlTemplate\":\"https:\/\/inlingua.at\/?s={search_term_string}\"},\"query-input\":{\"@type\":\"PropertyValueSpecification\",\"valueRequired\":true,\"valueName\":\"search_term_string\"}}],\"inLanguage\":\"en-US\"}]}<\/script>\n<!-- \/ Yoast SEO plugin. -->","yoast_head_json":{"title":"Trainer*innen - inlingua Vienna","description":"inlingua TrainerInnen sind qualifiziert, professionell und motiviert. inlingua TrainerInnen nehmen regalm\u00e4\u00dfig an internen Qualifizierungs-Seminaren teil.","robots":{"index":"index","follow":"follow","max-snippet":"max-snippet:-1","max-image-preview":"max-image-preview:large","max-video-preview":"max-video-preview:-1"},"canonical":"https:\/\/inlingua.at\/en\/methode\/trainer-3\/","og_locale":"en_US","og_type":"article","og_title":"Trainer*innen - inlingua Vienna","og_description":"inlingua TrainerInnen sind qualifiziert, professionell und motiviert. inlingua TrainerInnen nehmen regalm\u00e4\u00dfig an internen Qualifizierungs-Seminaren teil.","og_url":"https:\/\/inlingua.at\/en\/methode\/trainer-3\/","og_site_name":"inlingua Vienna","article_modified_time":"2024-11-28T10:27:55+00:00","twitter_card":"summary_large_image","twitter_misc":{"Est. reading time":"4 minutes"},"schema":{"@context":"https:\/\/schema.org","@graph":[{"@type":"WebPage","@id":"https:\/\/inlingua.at\/en\/methode\/trainer-3\/","url":"https:\/\/inlingua.at\/en\/methode\/trainer-3\/","name":"Trainer*innen - inlingua Vienna","isPartOf":{"@id":"https:\/\/inlingua.at\/#website"},"datePublished":"2014-05-21T11:08:27+00:00","dateModified":"2024-11-28T10:27:55+00:00","description":"inlingua TrainerInnen sind qualifiziert, professionell und motiviert. inlingua TrainerInnen nehmen regalm\u00e4\u00dfig an internen Qualifizierungs-Seminaren teil.","breadcrumb":{"@id":"https:\/\/inlingua.at\/en\/methode\/trainer-3\/#breadcrumb"},"inLanguage":"en-US","potentialAction":[{"@type":"ReadAction","target":["https:\/\/inlingua.at\/en\/methode\/trainer-3\/"]}]},{"@type":"BreadcrumbList","@id":"https:\/\/inlingua.at\/en\/methode\/trainer-3\/#breadcrumb","itemListElement":[{"@type":"ListItem","position":1,"name":"Startseite","item":"https:\/\/inlingua.at\/en\/"},{"@type":"ListItem","position":2,"name":"Methode","item":"https:\/\/inlingua.at\/en\/methode\/"},{"@type":"ListItem","position":3,"name":"Trainer*innen"}]},{"@type":"WebSite","@id":"https:\/\/inlingua.at\/#website","url":"https:\/\/inlingua.at\/","name":"inlingua Vienna","description":"crossing language barriers","potentialAction":[{"@type":"SearchAction","target":{"@type":"EntryPoint","urlTemplate":"https:\/\/inlingua.at\/?s={search_term_string}"},"query-input":{"@type":"PropertyValueSpecification","valueRequired":true,"valueName":"search_term_string"}}],"inLanguage":"en-US"}]}},"_links":{"self":[{"href":"https:\/\/inlingua.at\/en\/wp-json\/wp\/v2\/pages\/1536","targetHints":{"allow":["GET"]}}],"collection":[{"href":"https:\/\/inlingua.at\/en\/wp-json\/wp\/v2\/pages"}],"about":[{"href":"https:\/\/inlingua.at\/en\/wp-json\/wp\/v2\/types\/page"}],"author":[{"embeddable":true,"href":"https:\/\/inlingua.at\/en\/wp-json\/wp\/v2\/users\/6"}],"replies":[{"embeddable":true,"href":"https:\/\/inlingua.at\/en\/wp-json\/wp\/v2\/comments?post=1536"}],"version-history":[{"count":15,"href":"https:\/\/inlingua.at\/en\/wp-json\/wp\/v2\/pages\/1536\/revisions"}],"predecessor-version":[{"id":5950,"href":"https:\/\/inlingua.at\/en\/wp-json\/wp\/v2\/pages\/1536\/revisions\/5950"}],"up":[{"embeddable":true,"href":"https:\/\/inlingua.at\/en\/wp-json\/wp\/v2\/pages\/1534"}],"wp:attachment":[{"href":"https:\/\/inlingua.at\/en\/wp-json\/wp\/v2\/media?parent=1536"}],"curies":[{"name":"wp","href":"https:\/\/api.w.org\/{rel}","templated":true}]}}